{"id":3531,"date":"2021-04-06T10:59:03","date_gmt":"2021-04-06T10:59:03","guid":{"rendered":"https:\/\/luxurycarpentrydesigns.com\/condiciones-de-uso\/"},"modified":"2021-05-21T16:45:35","modified_gmt":"2021-05-21T16:45:35","slug":"condiciones-de-uso","status":"publish","type":"page","link":"https:\/\/luxurycarpentrydesigns.com\/en\/condiciones-de-uso\/","title":{"rendered":"Condiciones de uso"},"content":{"rendered":"<p>1.-OBJETO<br \/>\n2.- DERECHOS Y OBLIGACIONES DEL USUARIO<br \/>\n2.1.- CONDICIONES DE ACCESO Y USO<br \/>\n2.1.1.- ACEPTACI\u00d3N DE LAS CONDICIONES \u2013 SUSCRIPCI\u00d3N DE USUARIO<br \/>\n2.2.- CONTENIDO Y ACTUACIONES DEL USUARIO<br \/>\n3.- DERECHO Y OBLIGACIONES DE villanovamobiliario<br \/>\n4.- PROPIEDAD INTELECTUAL<br \/>\n5.- PROTECCI\u00d3N DE DATOS<br \/>\n6.- FUERO Y LEGISLACI\u00d3N<\/p>\n<p><strong>1.-OBJETO<\/strong><br \/>\nLas presentes Condiciones Generales de Acceso y Uso (en adelante las \u00b7 Condiciones de Uso\u00b7) tienen por objeto regular las condiciones de uso y utilizaci\u00f3n del website o web sites de Internet emplazado\/s en la direcci\u00f3n :<\/p>\n<div>GESTI\u00d3N DE INTEGRACI\u00d3N LOG\u00cdSTICA Y COMUNICACIONES, S.L.U.<\/div>\n<div><\/div>\n<div>CIF: B 87702007<\/div>\n<div><u>\u00a0<\/u><\/div>\n<div><u>Domicilio fiscal:<\/u><\/div>\n<div>General D\u00edaz Porlier n\u00ba 50 6\u00b0<\/div>\n<div>28001 MADRID<\/div>\n<div><\/div>\n<div><u>Domicilio para correo postal:<\/u><\/div>\n<div>Apartado de Correos 714<\/div>\n<div>03724 MORAIRA<\/div>\n<div>ALICANTE<\/div>\n<p>villanovamobiliario, dise\u00f1o web Valencia , ha sido elaborada para dar a conocer y permitir el acceso a la informaci\u00f3n en ella contenida, con las restricciones y limitaciones que imponen las presentes Condiciones Generales as\u00ed como permitir y posibilitar el acceso a otras p\u00e1ginas con las que la web de villanovamobiliario, dise\u00f1o web Valencia , tenga relaciones comerciales, profesionales o de cualquier otra \u00edndole.<\/p>\n<p>El Objeto social de villanovamobiliario, dise\u00f1o web Valencia es:<br \/>\nvillanovamobiliario, dise\u00f1o web Valencia es una empresa de dise\u00f1o web especializada en programaci\u00f3n web, dise\u00f1o web a medida, dise\u00f1o web wordpress, tiendas on line, tiendas prestashop, marketing online, posicionamiento en buscadores y adecuaci\u00f3n legal entre otros. Todos los servicios de internet que necesite los encontrar\u00e1 en villanovamobiliario.<\/p>\n<p><strong>2.-DERECHOS Y OBLIGACIONES DEL USUARIO<\/strong><\/p>\n<p><strong>2.1.-CONDICIONES DE ACCESO Y USO<\/strong><br \/>\nA trav\u00e9s de la direcci\u00f3n emplazada en www.villanovamobiliario.es, cualquier usuario podr\u00e1 acceder gratuitamente a la informaci\u00f3n contenida en el citado WEBSITE.<\/p>\n<p>Las condiciones de acceso al web est\u00e1n supeditadas a las disposiciones legales vigentes en cada momento as\u00ed como a los principios de buena fe y uso l\u00edcito por parte del Usuario, prohibi\u00e9ndose expresa y taxativamente cualquier tipo de actuaci\u00f3n que pudiera ir en detrimento o perjuicio del Portal o de terceros.<\/p>\n<p>El web no exige la previa suscripci\u00f3n ni el registro para la simple navegaci\u00f3n, o para el acceso o utilizaci\u00f3n de algunos servicios del web. Por el contrario, para recibir avisos por correo electr\u00f3nico de novedades en las ofertas o descuentos es necesario suscribirse.<\/p>\n<p>Los servicios o contenidos que exijan suscripci\u00f3n para su acceso o uso se acompa\u00f1ar\u00e1n del aviso correspondiente de necesidad de suscripci\u00f3n. En lo que al tratamiento de datos personales se refiera, v\u00e9ase la Pol\u00edtica de Privacidad de villanovamobiliario, dise\u00f1o web Valencia .<\/p>\n<p><strong>2.1.1.-ACEPTACI\u00d3N DE LAS CONDICIONES \/ SUSCRIPCI\u00d3N DE USUARIO<\/strong><br \/>\nLa mera utilizaci\u00f3n del web o la confirmaci\u00f3n del correspondiente campo en el proceso de registro como un Usuario Subscriptor, implicar\u00e1 que quedan aceptadas las condiciones generales de uso de villanovamobiliario, dise\u00f1o web Valencia .<br \/>\nA trav\u00e9s del web de villanovamobiliario, dise\u00f1o web Valencia se facilitar\u00e1 a todos los Usuarios la posibilidad de acceder a los contenidos, servicios y dem\u00e1s informaci\u00f3n concerniente al objeto social de la presente entidad.<\/p>\n<p>Las presentes condiciones de uso constituyen \u00edntegramente lo convenido entre las partes tanto en el acceso y uso.<\/p>\n<p>villanovamobiliario, dise\u00f1o web Valencia est\u00e1 facultada para modificar unilateralmente todas y cada una de las obligaciones dispuestas en las presentes Condiciones Generales de Uso, sin necesidad de previo aviso. Igualmente est\u00e1 capacitada para reestructurar, modificar o eliminar cualquier informaci\u00f3n, servicio o contenido incluido en el website, sin necesidad de previo aviso. La modificaci\u00f3n de cualquiera de las presentes condiciones generales para un caso particular s\u00f3lo tendr\u00e1 validez cuando haya sido recogida por escrito y firmada por los representantes legales de cada parte.<\/p>\n<p>Igualmente, villanovamobiliario, dise\u00f1o web Valencia se reserva el permiso de acceso o uso de algunos de los Servicios del web, ahora o en un futuro, pudiendo exigir para su acceso la condici\u00f3n de Usuario Suscrito, condici\u00f3n que en dicho caso se podr\u00e1 obtener mediante la inserci\u00f3n del e-mail del usuario en la correspondiente casilla de suscripci\u00f3n de Usuarios que villanovamobiliario, dise\u00f1o web Valencia pondr\u00e1 a disposici\u00f3n de los Usuarios que as\u00ed lo deseen.<\/p>\n<p>Veracidad de los datos<br \/>\nPor la cumplimentaci\u00f3n de estos formularios, casillas de suscripci\u00f3n o herramientas similares, el USUARIO reconoce que los datos suministrados son obtenidos directamente del usuario, veraces y ciertos, comprometi\u00e9ndose a notificar a villanovamobiliario, dise\u00f1o web Valencia , cualquier cambio o modificaci\u00f3n que se produzca en los mismos.<\/p>\n<p><strong>2.2.-CONTENIDO Y ACTUACIONES DEL USUARIO<\/strong><br \/>\nEl Usuario se compromete a hacer un uso licito, diligente, honrado y correcto de cuanta informaci\u00f3n o contenido tenga acceso bien a trav\u00e9s de la pagina web de villanovamobiliario, dise\u00f1o web Valencia o de terceros previamente proporcionada por villanovamobiliario, dise\u00f1o web Valencia y todo ello bajo los principios de la buena fe y con respeto en todo momento a la legalidad vigente.<\/p>\n<p>El Usuario deber\u00e1 abstenerse de obtener, salvo para uso personal, cuanta informaci\u00f3n (enti\u00e9ndase por informaci\u00f3n como cualquier mensaje, archivos de sonido, fotograf\u00edas, dibujos, software y en general cualquier clase o tipo de archivo inform\u00e1tico, gr\u00e1fico etc..) que sea propiedad del web.<\/p>\n<p>Igualmente el Usuario adquiere el compromiso de no provocar ni maliciosa ni intencionadamente da\u00f1os o perjuicios que puedan menoscabar, alterar el propio web as\u00ed como no introducir, ni difundir los denominados \u00b7virus inform\u00e1ticos\u00b7 que puedan producir alteraciones no autorizadas de los contenidos o sistemas integrantes del web. El compromiso adquirido se ha de regir sobre la utilizaci\u00f3n contenidos de conformidad con lo dispuesto en la ley, moral y orden publico; no copiar, reproducir, distribuir, ceder, transformar o modificar los contenidos sin previo consentimiento y por escrito de villanovamobiliario, dise\u00f1o web Valencia o persona por este delegada.<\/p>\n<p>A este respecto, villanovamobiliario, dise\u00f1o web Valencia se exonera de cualquier tipo de fallo o virus inform\u00e1tico introducido por terceros.<\/p>\n<p>A cumplir todos los requisitos dispuestos en relaci\u00f3n a los derechos de propiedad intelectual, industrial y dem\u00e1s an\u00e1logos.<\/p>\n<p>La informaci\u00f3n proporcionada EN LA WEB no deber\u00e1 ser considerada en ning\u00fan momento ni completa ni exhaustiva . villanovamobiliario, dise\u00f1o web Valencia por su parte tratar\u00e1 en la medida de sus posibilidades de actualizar constantemente esta informaci\u00f3n.<\/p>\n<p>villanovamobiliario, dise\u00f1o web Valencia manifiesta que el servicio\/producto ofrecido en la web se corresponde con la descripci\u00f3n del mismo. No obstante queda exonerada de responsabilidad para aquellos supuestos en los que por errores t\u00e9cnicos o humanos hubiese equivocaciones o variaciones entre las im\u00e1genes, la descripci\u00f3n y el precio. Igualmente se pone de manifiesto que las fotograf\u00edas tienen un mero car\u00e1cter orientativo pudiendo existir variaciones en lo que a su aspecto f\u00edsico respecta pero sin menoscabar la integridad y prestaciones del servicio\/producto ofrecido y\/o solicitado.<\/p>\n<p>villanovamobiliario, dise\u00f1o web Valencia se exonera de los contenidos, informaci\u00f3n, opiniones o comentarios difundidos a trav\u00e9s de su web ni responder\u00e1 del uso que el Usuario haga de esa informaci\u00f3n.<\/p>\n<p><strong>3.- DERECHO Y OBLIGACIONES DE villanovamobiliario<\/strong><\/p>\n<p>villanovamobiliario, dise\u00f1o web Valencia responder\u00e1 \u00fanica y exclusivamente de los servicios que preste por ella misma y de los contenidos directamente originados por el propio web e identificado con su correspondiente copyright.<\/p>\n<p>villanovamobiliario, dise\u00f1o web Valencia se compromete a la adopci\u00f3n de los medios y medidas necesarias que permitan garantizar la seguridad y privacidad en la comunicaciones. No responder\u00e1 cuando adoptadas las pertinentes medidas de seguridad, estas fueren vulneradas por agentes externos.<\/p>\n<p>villanovamobiliario, dise\u00f1o web Valencia no ser\u00e1 responsable ni siquiera de forma indirecta o subsidiaria, por ning\u00fan contenido, informaci\u00f3n, opini\u00f3n o manifestaci\u00f3n de cualquier tipo, que tenga su origen en el Usuario o terceras personas o entidades y que tengan acceso, transmitan, comuniquen, traten, exhiban o vendan dicha informaci\u00f3n al web titularidad de villanovamobiliario, dise\u00f1o web Valencia .<\/p>\n<p>villanovamobiliario, dise\u00f1o web Valencia se reserva el derecho a suspender temporalmente la prestaci\u00f3n del servicio sin previo aviso al Usuario, siempre y cuando sea necesario para efectuar operaciones de mantenimiento, actualizaci\u00f3n o mejora del servicio. Igualmente podr\u00e1 modificar las condiciones de acceso y o concreta ubicaci\u00f3n del contenido integrante del web, as\u00ed como impedir, restringir, bloquear, suprimir o retirar el acceso a los servicios a los Usuarios cuando estos no hicieren un uso licito, honrado y diligente de los servicios prestados en el website. En la misma l\u00ednea podr\u00e1 retirar, bloquear o restringir el uso de los contenidos introducidos por terceras personas que fueren il\u00edcitos, racistas delictivos, de apolog\u00eda de terrorismo, violaci\u00f3n de derechos humanos, difamatorios, pornogr\u00e1ficos, constitutivos de estafa o de cualquier otro modo que infrinjan las leyes o normativas aplicables bien sean nacionales como internacionales.<\/p>\n<p>villanovamobiliario, dise\u00f1o web Valencia no asegura la disponibilidad y continuidad permanente del web debido a interrupciones, fallos etc.. as\u00ed como tampoco responder\u00e1 de los da\u00f1os y perjuicios que pueda causar a los Usuarios por los virus inform\u00e1ticos o agentes externos que terceras personas puedan depositar en el website o en los documentos electr\u00f3nicos y ficheros almacenados en el sistema inform\u00e1tico.<\/p>\n<p>El Website pone a disposici\u00f3n de los Usuarios ciertas herramientas tales como fichas, botones, banners, links o enlaces que permitan al Usuario acceder a contenidos u otros sites relacionados con la actividad del web u otros diferentes. La instalaci\u00f3n de estas herramientas tienen como fin \u00faltimo proporcionar y facilitar la navegaci\u00f3n al Usuario, no siendo responsable parte villanovamobiliario, dise\u00f1o web Valencia de los websites a los que acceda el Usuario a trav\u00e9s de su pagina, en lo que al Derecho al Honor pueda afectar y la informaci\u00f3n proporcionada. Por su parte villanovamobiliario, dise\u00f1o web Valencia tratar\u00e1 en la medida de sus posibilidades de comprobar dichos hiperv\u00ednculos, restringiendo, bloqueando o suspendiendo dichos botones cuando atentaren contra el principio descrito en las presentes Condiciones Generales.<\/p>\n<p><strong>4.-PROPIEDAD INTELECTUAL<\/strong><br \/>\nLa totalidad de los contenidos a los que se acceda a trav\u00e9s del servicio prestado por villanovamobiliario, dise\u00f1o web Valencia est\u00e1n sujetos a los Derechos de Propiedad Intelectual e Industrial de villanovamobiliario, dise\u00f1o web Valencia o de terceros. Dicho contenido no podr\u00e1 ser usado, duplicado, distribuido, vendido, explotado o cualquier otra forma con prop\u00f3sito comercial o no, sin el previo y preceptivo consentimiento y por escrito su titular (villanovamobiliario, dise\u00f1o web Valencia).<\/p>\n<p>Igualmente villanovamobiliario, dise\u00f1o web Valencia ser\u00e1 responsable respecto de las marcas, logos y dem\u00e1s signos distintivos que se incorporen en cualquier parte del website y que sean propiedad de villanovamobiliario, dise\u00f1o web Valencia, as\u00ed como titular de todos los derechos de Propiedad Intelectual o Industrial o como licenciatario de los mismos.<\/p>\n<p>Todos los contenidos y partes integrantes del website de villanovamobiliario, dise\u00f1o web Valencia han sido incluidos conforme a los principios de la buena fe, indicando que la informaci\u00f3n puede proceder total o parcialmente de fuentes externas a la propia entidad raz\u00f3n por la cual villanovamobiliario, dise\u00f1o web Valencia no se responsabiliza en manera alguna de la inexactitud o no actualizaci\u00f3n de los contenidos mostrados.<\/p>\n<p>Por el contrario todos aquellos contenidos procedentes de fuentes internas estar\u00e1n debidamente identificados con su copyright. La entidad se reserva el derecho o facultad de efectuar cualquier cambio en cualquier momento sin necesidad de previo aviso. Todos los contenidos incluidos en la pagina procedentes de fuentes internas que lleven su signo identificativo de copyright, son responsabilidad \u00fanica y exclusivamente de villanovamobiliario, dise\u00f1o web Valencia.<\/p>\n<p><strong>5.- PROTECCI\u00d3N DE DATOS<\/strong><br \/>\nvillanovamobiliario, dise\u00f1o web Valencia plenamente concienciada del uso y tratamiento que se le deben dar a los datos de car\u00e1cter personal y en virtud de la normativa legal existente al respecto (LOPD y LSSICE), tiene implantado en el seno de su organizaci\u00f3n un sistema para preservar la seguridad, integridad y confidencialidad de los datos considerados como personales.<\/p>\n<p>Para ello adem\u00e1s de cumplir integramente todos y cada uno de los requisitos dispuestos en la Ley Org\u00e1nica 15\/1999, de 13 de Diciembre, de Protecci\u00f3n de Datos de Car\u00e1cter Personal, y los dispuestos en la Ley 34\/2002 LSSICE, garantiza un uso no solo legal sino leal de los datos personales as\u00ed como un sistema adecuado para ejercitar los derechos de acceso rectificaci\u00f3n, cancelaci\u00f3n y oposici\u00f3n dispuestos en la ya mencionada Ley Org\u00e1nica.<\/p>\n<p>De conformidad con lo dispuesto en la pol\u00edtica de privacidad de villanovamobiliario, dise\u00f1o web Valencia, se hace constar que cualquier persona podr\u00e1 ejercitar sus derechos de acceso, rectificaci\u00f3n, cancelaci\u00f3n y en su caso, oposici\u00f3n mediante el env\u00edo de un e-mail a la direcci\u00f3n info@villanovamobiliario.es.<\/p>\n<p>A este respecto v\u00e9ase Pol\u00edtica de Privacidad del Portal villanovamobiliario, dise\u00f1o web Valencia.<\/p>\n<p><strong>6.-FUERO Y LEGISLACI\u00d3N<\/strong><br \/>\nLas presentes Condiciones Generales se someten a la legislaci\u00f3n espa\u00f1ola, que ser\u00e1 aplicable en relaci\u00f3n a su validez, interpretaci\u00f3n, ejecuci\u00f3n y cumplimiento. Todas las discrepancias, reclamaciones y controversias respecto a lo dispuesto anteriormente se resolver\u00e1n mediante un arbitraje de Derecho de acuerdo con las normas de la Corte Civil y Mercantil de arbitraje de Valencia a cuya normativa se someter\u00e1n. Dicho Laudo estar\u00e1 compuesto por tres \u00e1rbitros nombrados conforme a dicha normativa. . Si el arbitraje no llegara a realizarse por mutuo acuerdo o fuese declarado nulo, ambas partes se someten a los Juzgados y Tribunales de la ciudad de Valencia, con renuncia expresa a su propio fuero si \u00e9ste fuese otro.<\/p>\n<p>El Usuario, declara haber le\u00eddo, conocer y aceptar las presentes Condiciones Generales de Uso-Acceso en toda su extensi\u00f3n.<\/p>\n","protected":false},"excerpt":{"rendered":"<p>1.-OBJETO 2.- DERECHOS Y OBLIGACIONES DEL USUARIO 2.1.- CONDICIONES DE ACCESO Y [&hellip;]<\/p>\n","protected":false},"author":1,"featured_media":0,"parent":0,"menu_order":0,"comment_status":"closed","ping_status":"closed","template":"","meta":[],"yoast_head":"<!-- This site is optimized with the Yoast SEO plugin v16.1 - https:\/\/yoast.com\/wordpress\/plugins\/seo\/ -->\n<title>Condiciones de uso - luxurycarpentrydesigns<\/title>\n<link rel=\"canonical\" href=\"https:\/\/luxurycarpentrydesigns.com\/en\/condiciones-de-uso\/\" \/>\n<meta property=\"og:locale\" content=\"en_US\" \/>\n<meta property=\"og:type\" content=\"article\" \/>\n<meta property=\"og:title\" content=\"Condiciones de uso - luxurycarpentrydesigns\" \/>\n<meta property=\"og:description\" content=\"1.-OBJETO 2.- DERECHOS Y OBLIGACIONES DEL USUARIO 2.1.- CONDICIONES DE ACCESO Y [&hellip;]\" \/>\n<meta property=\"og:url\" content=\"https:\/\/luxurycarpentrydesigns.com\/en\/condiciones-de-uso\/\" \/>\n<meta property=\"og:site_name\" content=\"luxurycarpentrydesigns\" \/>\n<meta property=\"article:modified_time\" content=\"2021-05-21T16:45:35+00:00\" \/>\n<meta name=\"twitter:card\" content=\"summary_large_image\" \/>\n<meta name=\"twitter:label1\" content=\"Est. reading time\">\n\t<meta name=\"twitter:data1\" content=\"11 minutes\">\n<script type=\"application\/ld+json\" class=\"yoast-schema-graph\">{\"@context\":\"https:\/\/schema.org\",\"@graph\":[{\"@type\":\"WebSite\",\"@id\":\"https:\/\/luxurycarpentrydesigns.com\/#website\",\"url\":\"https:\/\/luxurycarpentrydesigns.com\/\",\"name\":\"luxurycarpentrydesigns\",\"description\":\"Muebles de lujo a medida, muebles exclusivos y personalizados\",\"potentialAction\":[{\"@type\":\"SearchAction\",\"target\":\"https:\/\/luxurycarpentrydesigns.com\/?s={search_term_string}\",\"query-input\":\"required name=search_term_string\"}],\"inLanguage\":\"en-US\"},{\"@type\":\"WebPage\",\"@id\":\"https:\/\/luxurycarpentrydesigns.com\/en\/condiciones-de-uso\/#webpage\",\"url\":\"https:\/\/luxurycarpentrydesigns.com\/en\/condiciones-de-uso\/\",\"name\":\"Condiciones de uso - luxurycarpentrydesigns\",\"isPartOf\":{\"@id\":\"https:\/\/luxurycarpentrydesigns.com\/#website\"},\"datePublished\":\"2021-04-06T10:59:03+00:00\",\"dateModified\":\"2021-05-21T16:45:35+00:00\",\"breadcrumb\":{\"@id\":\"https:\/\/luxurycarpentrydesigns.com\/en\/condiciones-de-uso\/#breadcrumb\"},\"inLanguage\":\"en-US\",\"potentialAction\":[{\"@type\":\"ReadAction\",\"target\":[\"https:\/\/luxurycarpentrydesigns.com\/en\/condiciones-de-uso\/\"]}]},{\"@type\":\"BreadcrumbList\",\"@id\":\"https:\/\/luxurycarpentrydesigns.com\/en\/condiciones-de-uso\/#breadcrumb\",\"itemListElement\":[{\"@type\":\"ListItem\",\"position\":1,\"item\":{\"@type\":\"WebPage\",\"@id\":\"https:\/\/luxurycarpentrydesigns.com\/en\/\",\"url\":\"https:\/\/luxurycarpentrydesigns.com\/en\/\",\"name\":\"Portada\"}},{\"@type\":\"ListItem\",\"position\":2,\"item\":{\"@type\":\"WebPage\",\"@id\":\"https:\/\/luxurycarpentrydesigns.com\/en\/condiciones-de-uso\/\",\"url\":\"https:\/\/luxurycarpentrydesigns.com\/en\/condiciones-de-uso\/\",\"name\":\"Condiciones de uso\"}}]}]}<\/script>\n<!-- \/ Yoast SEO plugin. -->","_links":{"self":[{"href":"https:\/\/luxurycarpentrydesigns.com\/en\/wp-json\/wp\/v2\/pages\/3531"}],"collection":[{"href":"https:\/\/luxurycarpentrydesigns.com\/en\/wp-json\/wp\/v2\/pages"}],"about":[{"href":"https:\/\/luxurycarpentrydesigns.com\/en\/wp-json\/wp\/v2\/types\/page"}],"author":[{"embeddable":true,"href":"https:\/\/luxurycarpentrydesigns.com\/en\/wp-json\/wp\/v2\/users\/1"}],"replies":[{"embeddable":true,"href":"https:\/\/luxurycarpentrydesigns.com\/en\/wp-json\/wp\/v2\/comments?post=3531"}],"version-history":[{"count":1,"href":"https:\/\/luxurycarpentrydesigns.com\/en\/wp-json\/wp\/v2\/pages\/3531\/revisions"}],"predecessor-version":[{"id":4361,"href":"https:\/\/luxurycarpentrydesigns.com\/en\/wp-json\/wp\/v2\/pages\/3531\/revisions\/4361"}],"wp:attachment":[{"href":"https:\/\/luxurycarpentrydesigns.com\/en\/wp-json\/wp\/v2\/media?parent=3531"}],"curies":[{"name":"wp","href":"https:\/\/api.w.org\/{rel}","templated":true}]}}