{"id":3708,"date":"2021-05-05T09:05:58","date_gmt":"2021-05-05T09:05:58","guid":{"rendered":"https:\/\/luxurycarpentrydesigns.com\/producto\/qatar\/"},"modified":"2021-05-18T10:47:58","modified_gmt":"2021-05-18T10:47:58","slug":"qatar","status":"publish","type":"product","link":"https:\/\/luxurycarpentrydesigns.com\/en\/producto\/qatar\/","title":{"rendered":"Qatar"},"content":{"rendered":"<div class=\"fusion-fullwidth fullwidth-box fusion-builder-row-1 fusion-flex-container nonhundred-percent-fullwidth non-hundred-percent-height-scrolling\" style=\"background-color: rgba(255,255,255,0);background-position: center center;background-repeat: no-repeat;border-width: 0px 0px 0px 0px;border-color:#eae9e9;border-style:solid;\" ><div class=\"fusion-builder-row fusion-row fusion-flex-align-items-flex-start\" style=\"max-width:1320.8px;margin-left: calc(-4% \/ 2 );margin-right: calc(-4% \/ 2 );\"><div class=\"fusion-layout-column fusion_builder_column fusion-builder-column-0 fusion_builder_column_1_3 1_3 fusion-flex-column\"><div class=\"fusion-column-wrapper fusion-flex-justify-content-flex-start fusion-content-layout-column\" style=\"background-position:left top;background-repeat:no-repeat;-webkit-background-size:cover;-moz-background-size:cover;-o-background-size:cover;background-size:cover;padding: 0px 0px 0px 0px;\"><div ><style type=\"text\/css\">.fusion-button.button-1 .fusion-button-text, .fusion-button.button-1 i {color:#656a70;}.fusion-button.button-1 .fusion-button-icon-divider{border-color:#656a70;}.fusion-button.button-1:hover .fusion-button-text, .fusion-button.button-1:hover i,.fusion-button.button-1:focus .fusion-button-text, .fusion-button.button-1:focus i,.fusion-button.button-1:active .fusion-button-text, .fusion-button.button-1:active{color:#656a70;}.fusion-button.button-1:hover .fusion-button-icon-divider, .fusion-button.button-1:hover .fusion-button-icon-divider, .fusion-button.button-1:active .fusion-button-icon-divider{border-color:#656a70;}.fusion-button.button-1:hover, .fusion-button.button-1:focus, .fusion-button.button-1:active{border-color:rgba(40,45,51,0.1);border-width:1px;}.fusion-button.button-1 {border-color:rgba(40,45,51,0.1);border-width:1px;border-radius:0px;}.fusion-button.button-1{background: #ffffff;}.fusion-button.button-1:hover,.button-1:focus,.fusion-button.button-1:active{background: rgba(255,255,255,0.92);}<\/style><a class=\"fusion-button button-flat button-small button-custom button-1 fusion-button-default-span fusion-button-default-type\" target=\"_self\"><span class=\"fusion-button-text\">QATAR PROJECT<\/span><\/a><\/div><style type=\"text\/css\">@media only screen and (max-width:1024px) {.fusion-title.fusion-title-1{margin-top:32px!important; margin-right:0px!important;margin-bottom:26px!important;margin-left:0px!important;}}@media only screen and (max-width:640px) {.fusion-title.fusion-title-1{margin-top:26px!important; margin-right:0px!important;margin-bottom:16px!important; margin-left:0px!important;}}<\/style><div class=\"fusion-title title fusion-title-1 fusion-sep-none fusion-title-text fusion-title-size-two\" style=\"margin-top:32px;margin-right:0px;margin-bottom:26px;margin-left:0px;\"><h2 class=\"title-heading-left\" style=\"margin:0;\">Custom and exclusive luxury furniture<\/h2><\/div><div class=\"fusion-text fusion-text-1\"><div><\/div>\n<div>\n<div class=\"\"><span class=\"\" style=\"color: #000000;\">Work done, sofas, upholstery, columns, centers,<br \/>\n<\/span><\/div>\n<div class=\"\"><span class=\"\" style=\"color: #000000;\">home cinema room, designs chosen by client.<\/span><\/div>\n<\/div>\n<\/div><\/div><style type=\"text\/css\">.fusion-body .fusion-builder-column-0{width:33.333333333333% !important;margin-top : 25px;margin-bottom : 0px;}.fusion-builder-column-0 > .fusion-column-wrapper {padding-top : 0px !important;padding-right : 0px !important;margin-right : 7.68%;padding-bottom : 0px !important;padding-left : 0px !important;margin-left : 5.76%;}@media only screen and (max-width:1024px) {.fusion-body .fusion-builder-column-0{width:100% !important;}.fusion-builder-column-0 > .fusion-column-wrapper {margin-right : 1.92%;margin-left : 1.92%;}}@media only screen and (max-width:640px) {.fusion-body .fusion-builder-column-0{width:100% !important;}.fusion-builder-column-0 > .fusion-column-wrapper {margin-right : 1.92%;margin-left : 1.92%;}}<\/style><\/div><div class=\"fusion-layout-column fusion_builder_column fusion-builder-column-1 fusion_builder_column_2_3 2_3 fusion-flex-column fusion-animated\" data-animationType=\"fadeIn\" data-animationDuration=\"0.8\" data-animationOffset=\"100%\"><div class=\"fusion-column-wrapper fusion-flex-justify-content-flex-start fusion-content-layout-column\" style=\"background-position:left top;background-repeat:no-repeat;-webkit-background-size:cover;-moz-background-size:cover;-o-background-size:cover;background-size:cover;padding: 0px 0px 0px 0px;\"><div ><span class=\" fusion-imageframe imageframe-none imageframe-1 hover-type-zoomin\"><img width=\"1600\" height=\"1200\" title=\"PROYECTO QATAR-13_IMG-20190220-WA0016\" src=\"https:\/\/luxurycarpentrydesigns.com\/wp-content\/uploads\/2021\/04\/PROYECTO-QATAR-13_IMG-20190220-WA0016-1.jpg\" class=\"img-responsive wp-image-3776\" srcset=\"https:\/\/luxurycarpentrydesigns.com\/wp-content\/uploads\/2021\/04\/PROYECTO-QATAR-13_IMG-20190220-WA0016-1-200x150.jpg 200w, https:\/\/luxurycarpentrydesigns.com\/wp-content\/uploads\/2021\/04\/PROYECTO-QATAR-13_IMG-20190220-WA0016-1-400x300.jpg 400w, https:\/\/luxurycarpentrydesigns.com\/wp-content\/uploads\/2021\/04\/PROYECTO-QATAR-13_IMG-20190220-WA0016-1-600x450.jpg 600w, https:\/\/luxurycarpentrydesigns.com\/wp-content\/uploads\/2021\/04\/PROYECTO-QATAR-13_IMG-20190220-WA0016-1-800x600.jpg 800w, https:\/\/luxurycarpentrydesigns.com\/wp-content\/uploads\/2021\/04\/PROYECTO-QATAR-13_IMG-20190220-WA0016-1-1200x900.jpg 1200w, https:\/\/luxurycarpentrydesigns.com\/wp-content\/uploads\/2021\/04\/PROYECTO-QATAR-13_IMG-20190220-WA0016-1.jpg 1600w\" sizes=\"(max-width: 1024px) 100vw, (max-width: 640px) 100vw, 1200px\" \/><\/span><\/div><div class=\"fusion-modal modal fade modal-1 info\" tabindex=\"-1\" role=\"dialog\" aria-labelledby=\"modal-heading-1\" aria-hidden=\"true\"><style type=\"text\/css\">.modal-1 .modal-header, .modal-1 .modal-footer{border-color:#ffffff;}<\/style><div class=\"modal-dialog modal-lg\" role=\"document\"><div class=\"modal-content fusion-modal-content\" style=\"background-color:#ffffff\"><div class=\"modal-header\"><button class=\"close\" type=\"button\" data-dismiss=\"modal\" aria-hidden=\"true\" aria-label=\"Close\">&times;<\/button><h3 class=\"modal-title\" id=\"modal-heading-1\" data-dismiss=\"modal\" aria-hidden=\"true\">Mas informaci\u00f3n<\/h3><\/div><div class=\"modal-body fusion-clearfix\">\n<ol>\n<li><span class=\"\"><span class=\"\" style=\"color: #000000;\">Sof\u00e1 dise\u00f1o cliente, tapizado en terciopelo con inox en z\u00f3calo y leds.<\/span><\/span><\/li>\n<li><span class=\"\" style=\"color: #000000;\">Aparador lacado dise\u00f1o seg\u00fan cliente, cajones con incrustaci\u00f3n madre perla, detalles en inox mas quemador central.<\/span><\/li>\n<li><span class=\"\"><span class=\"\" style=\"color: #000000;\">Sof\u00e1 tapizado en piel blanca con asientos y detalles tapizados en terciopelo La Belle . Instalaci\u00f3n leds por el z\u00f3calo de inox del sof\u00e1. Tapas laterales lacadas mate.<\/span><\/span><\/li>\n<li><span class=\"\" style=\"color: #000000;\">Sill\u00f3n tocador con forma, acabado lacado mate con base de metal. Tapizado terciopelo.<\/span><\/li>\n<li><span class=\"\" style=\"color: #000000;\">Sof\u00e1 redondo di\u00e1metro 200 cm, fabricado en 4 piezas, z\u00f3calo de inox con led. Hueco central para fuente.<\/span><\/li>\n<li><span class=\"\" style=\"color: #000000;\">Puf con base de mate, tapizado en piel y tapa nogal .<\/span><\/li>\n<li><span class=\"\" style=\"color: #000000;\">Instalaci\u00f3n in situ, Qatar.<\/span><\/li>\n<li><span class=\"\" style=\"color: #000000;\">Instalaci\u00f3n sof\u00e1s Home Cinema con posavasos, reclinables, tapizados en piel.<\/span><\/li>\n<li><span class=\"\" style=\"color: #000000;\">Instalaci\u00f3n mueble nevera Home cinema con acabados lacados y bronces.<\/span><\/li>\n<li><span class=\"\" style=\"color: #000000;\">Columna acabada en lacado con incrustaciones de madre perla y detalles de inox. Con les<\/span><\/li>\n<li><span class=\"\" style=\"color: #000000;\">Instalaci\u00f3n sala Home Cinema con leds, acabado lacado y bronce.<\/span><\/li>\n<li><span class=\"\" style=\"color: #000000;\">Instalaci\u00f3n in situ de sof\u00e1s y mesas de centro con acabados inox y leds.<\/span><\/li>\n<\/ol>\n<\/div><div class=\"modal-footer\"><button class=\"fusion-button button-default button-medium button default medium\" type=\"button\" data-dismiss=\"modal\">Close<\/button><\/div><\/div><\/div><\/div><\/div><style type=\"text\/css\">.fusion-body .fusion-builder-column-1{width:66.666666666667% !important;margin-top : 25px;margin-bottom : 0px;}.fusion-builder-column-1 > .fusion-column-wrapper {padding-top : 0px !important;padding-right : 0px !important;margin-right : 2.88%;padding-bottom : 0px !important;padding-left : 0px !important;margin-left : 2.88%;}@media only screen and (max-width:1024px) {.fusion-body .fusion-builder-column-1{width:100% !important;}.fusion-builder-column-1 > .fusion-column-wrapper {margin-right : 1.92%;margin-left : 1.92%;}}@media only screen and (max-width:640px) {.fusion-body .fusion-builder-column-1{width:100% !important;}.fusion-builder-column-1 > .fusion-column-wrapper {margin-right : 1.92%;margin-left : 1.92%;}}<\/style><\/div><\/div><style type=\"text\/css\">.fusion-body .fusion-flex-container.fusion-builder-row-1{ padding-top : 10px;margin-top : 0px;padding-right : 0px;padding-bottom : 6%;margin-bottom : 0px;padding-left : 0px;}<\/style><\/div>\n","protected":false},"excerpt":{"rendered":"<p><span class=\"\" style=\"color: #000000;\">Project carried out in the exclusive area of Alcor (Qatar)<\/span><\/p>\n<div class=\"\" dir=\"ltr\">\n<div>\n<div class=\"\">\n<div class=\"\">\n<div class=\"\" dir=\"ltr\">\n<div class=\"\">\n<ol>\n<li><span class=\"\"><span class=\"\" style=\"color: #000000;\">Customer design sofa, upholstered in velvet with stainless steel plinth and LEDs<\/span><\/span><\/li>\n<li><span class=\"\" style=\"color: #000000;\">Lacquered sideboard designed according to customer, drawers with mother of pearl inlay, stainless steel details plus central burner.<\/span><\/li>\n<li><span class=\"\"><span class=\"\" style=\"color: #000000;\">Sofa upholstered in white leather with seats and details upholstered in La Belle velvet. LED installation through the stainless steel base of the sofa. Matte lacquered side covers.<\/span><\/span><\/li>\n<li><span class=\"\" style=\"color: #000000;\">Shaped dressing table, matt lacquered finish with metal base. Velvet upholstery.<\/span><\/li>\n<\/ol>\n[fusion_button link=\"\" text_transform=\"\" title=\"\" target=\"_self\" link_attributes=\"\" alignment_medium=\"\" alignment_small=\"\" alignment=\"\" modal=\"info\" hide_on_mobile=\"small-visibility,medium-visibility,large-visibility\" sticky_display=\"normal,sticky\" class=\"\" id=\"\" color=\"default\" button_gradient_top_color=\"\" button_gradient_bottom_color=\"\" button_gradient_top_color_hover=\"\" button_gradient_bottom_color_hover=\"\" accent_color=\"\" accent_hover_color=\"\" type=\"\" bevel_color=\"\" border_width=\"\" border_radius=\"\" border_color=\"\" border_hover_color=\"\" size=\"large\" stretch=\"default\" margin_top=\"\" margin_right=\"\" margin_bottom=\"\" margin_left=\"\" icon=\"\" icon_position=\"left\" icon_divider=\"no\" animation_type=\"\" animation_direction=\"left\" animation_speed=\"0.3\" animation_offset=\"\"]MORE INFORMATION [\/fusion_button]\n<\/div>\n<\/div>\n<\/div>\n<\/div>\n<\/div>\n<\/div>\n","protected":false},"featured_media":3720,"comment_status":"open","ping_status":"closed","template":"","meta":[],"yoast_head":"<!-- This site is optimized with the Yoast SEO plugin v16.1 - https:\/\/yoast.com\/wordpress\/plugins\/seo\/ -->\n<title>Qatar - luxurycarpentrydesigns<\/title>\n<link rel=\"canonical\" href=\"https:\/\/luxurycarpentrydesigns.com\/en\/producto\/qatar\/\" \/>\n<meta property=\"og:locale\" content=\"en_US\" \/>\n<meta property=\"og:type\" content=\"article\" \/>\n<meta property=\"og:title\" content=\"Qatar - luxurycarpentrydesigns\" \/>\n<meta property=\"og:description\" content=\"Project carried out in the exclusive area of Alcor (Qatar)         Customer design sofa, upholstered in velvet with stainless steel plinth and LEDs  Lacquered sideboard designed according to customer, drawers with mother of pearl inlay, stainless steel details plus central burner.  Sofa upholstered in white leather with seats and details upholstered in La Belle velvet. LED installation through the stainless steel base of the sofa. Matte lacquered side covers.  Shaped dressing table, matt lacquered finish with metal base. Velvet upholstery.\" \/>\n<meta property=\"og:url\" content=\"https:\/\/luxurycarpentrydesigns.com\/en\/producto\/qatar\/\" \/>\n<meta property=\"og:site_name\" content=\"luxurycarpentrydesigns\" \/>\n<meta property=\"article:modified_time\" content=\"2021-05-18T10:47:58+00:00\" \/>\n<meta property=\"og:image\" content=\"https:\/\/luxurycarpentrydesigns.com\/wp-content\/uploads\/2021\/04\/PROYECTO-QATAR-12_IMG-20190220-WA0013.jpg\" \/>\n\t<meta property=\"og:image:width\" content=\"1600\" \/>\n\t<meta property=\"og:image:height\" content=\"1200\" \/>\n<meta name=\"twitter:card\" content=\"summary_large_image\" \/>\n<meta name=\"twitter:label1\" content=\"Est. reading time\">\n\t<meta name=\"twitter:data1\" content=\"6 minutes\">\n<script type=\"application\/ld+json\" class=\"yoast-schema-graph\">{\"@context\":\"https:\/\/schema.org\",\"@graph\":[{\"@type\":\"WebSite\",\"@id\":\"https:\/\/luxurycarpentrydesigns.com\/#website\",\"url\":\"https:\/\/luxurycarpentrydesigns.com\/\",\"name\":\"luxurycarpentrydesigns\",\"description\":\"Muebles de lujo a medida, muebles exclusivos y personalizados\",\"potentialAction\":[{\"@type\":\"SearchAction\",\"target\":\"https:\/\/luxurycarpentrydesigns.com\/?s={search_term_string}\",\"query-input\":\"required name=search_term_string\"}],\"inLanguage\":\"en-US\"},{\"@type\":\"ImageObject\",\"@id\":\"https:\/\/luxurycarpentrydesigns.com\/en\/producto\/qatar\/#primaryimage\",\"inLanguage\":\"en-US\",\"url\":\"https:\/\/luxurycarpentrydesigns.com\/wp-content\/uploads\/2021\/04\/PROYECTO-QATAR-12_IMG-20190220-WA0013.jpg\",\"contentUrl\":\"https:\/\/luxurycarpentrydesigns.com\/wp-content\/uploads\/2021\/04\/PROYECTO-QATAR-12_IMG-20190220-WA0013.jpg\",\"width\":1600,\"height\":1200},{\"@type\":\"WebPage\",\"@id\":\"https:\/\/luxurycarpentrydesigns.com\/en\/producto\/qatar\/#webpage\",\"url\":\"https:\/\/luxurycarpentrydesigns.com\/en\/producto\/qatar\/\",\"name\":\"Qatar - luxurycarpentrydesigns\",\"isPartOf\":{\"@id\":\"https:\/\/luxurycarpentrydesigns.com\/#website\"},\"primaryImageOfPage\":{\"@id\":\"https:\/\/luxurycarpentrydesigns.com\/en\/producto\/qatar\/#primaryimage\"},\"datePublished\":\"2021-05-05T09:05:58+00:00\",\"dateModified\":\"2021-05-18T10:47:58+00:00\",\"breadcrumb\":{\"@id\":\"https:\/\/luxurycarpentrydesigns.com\/en\/producto\/qatar\/#breadcrumb\"},\"inLanguage\":\"en-US\",\"potentialAction\":[{\"@type\":\"ReadAction\",\"target\":[\"https:\/\/luxurycarpentrydesigns.com\/en\/producto\/qatar\/\"]}]},{\"@type\":\"BreadcrumbList\",\"@id\":\"https:\/\/luxurycarpentrydesigns.com\/en\/producto\/qatar\/#breadcrumb\",\"itemListElement\":[{\"@type\":\"ListItem\",\"position\":1,\"item\":{\"@type\":\"WebPage\",\"@id\":\"https:\/\/luxurycarpentrydesigns.com\/en\/\",\"url\":\"https:\/\/luxurycarpentrydesigns.com\/en\/\",\"name\":\"Portada\"}},{\"@type\":\"ListItem\",\"position\":2,\"item\":{\"@type\":\"WebPage\",\"@id\":\"https:\/\/luxurycarpentrydesigns.com\/tienda\/\",\"url\":\"https:\/\/luxurycarpentrydesigns.com\/tienda\/\",\"name\":\"Tienda\"}},{\"@type\":\"ListItem\",\"position\":3,\"item\":{\"@type\":\"WebPage\",\"@id\":\"https:\/\/luxurycarpentrydesigns.com\/en\/producto\/qatar\/\",\"url\":\"https:\/\/luxurycarpentrydesigns.com\/en\/producto\/qatar\/\",\"name\":\"Qatar\"}}]}]}<\/script>\n<!-- \/ Yoast SEO plugin. -->","_links":{"self":[{"href":"https:\/\/luxurycarpentrydesigns.com\/en\/wp-json\/wp\/v2\/product\/3708"}],"collection":[{"href":"https:\/\/luxurycarpentrydesigns.com\/en\/wp-json\/wp\/v2\/product"}],"about":[{"href":"https:\/\/luxurycarpentrydesigns.com\/en\/wp-json\/wp\/v2\/types\/product"}],"replies":[{"embeddable":true,"href":"https:\/\/luxurycarpentrydesigns.com\/en\/wp-json\/wp\/v2\/comments?post=3708"}],"wp:featuredmedia":[{"embeddable":true,"href":"https:\/\/luxurycarpentrydesigns.com\/en\/wp-json\/wp\/v2\/media\/3720"}],"wp:attachment":[{"href":"https:\/\/luxurycarpentrydesigns.com\/en\/wp-json\/wp\/v2\/media?parent=3708"}],"curies":[{"name":"wp","href":"https:\/\/api.w.org\/{rel}","templated":true}]}}